{"id":1331,"date":"2019-12-05T10:35:47","date_gmt":"2019-12-05T10:35:47","guid":{"rendered":"https:\/\/solene.qodeinteractive.com\/elementor\/?page_id=1331"},"modified":"2021-11-05T16:32:44","modified_gmt":"2021-11-05T16:32:44","slug":"gallery-minimal","status":"publish","type":"page","link":"https:\/\/entrepixeles.com.mx\/","title":{"rendered":"Entre Pixeles"},"content":{"rendered":"\t\t<div data-elementor-type=\"wp-page\" data-elementor-id=\"1331\" class=\"elementor elementor-1331\">\n\t\t\t\t\t\t<section class=\"elementor-section elementor-top-section elementor-element elementor-element-7d9fd894 elementor-section-full_width eltdf-elementor-row-grid-section elementor-section-height-default elementor-section-height-default eltdf-parallax-row-no eltdf-content-aligment-left eltdf-disabled-bg-image-bellow-no\" data-id=\"7d9fd894\" data-element_type=\"section\" data-settings=\"{&quot;background_background&quot;:&quot;classic&quot;}\">\n\t\t\t\t\t\t<div class=\"elementor-container elementor-column-gap-no\">\n\t\t\t\t\t<div class=\"elementor-column elementor-col-100 elementor-top-column elementor-element elementor-element-6c701161\" data-id=\"6c701161\" data-element_type=\"column\">\n\t\t\t<div class=\"elementor-widget-wrap elementor-element-populated\">\n\t\t\t\t\t\t<div class=\"elementor-element elementor-element-9c168a4 elementor-widget elementor-widget-eltdf_portfolio_list\" data-id=\"9c168a4\" data-element_type=\"widget\" data-widget_type=\"eltdf_portfolio_list.default\">\n\t\t\t\t<div class=\"elementor-widget-container\">\n\t\t\t<div class=\"eltdf-portfolio-list-holder eltdf-grid-list eltdf-grid-masonry-list eltdf-pl-masonry eltdf-three-columns eltdf-normal-space eltdf-disable-bottom-space eltdf-pl-standard eltdf-pip-disabled  eltdf-pl-has-shadow  eltdf-pl-pag-no-pagination  eltdf-pl-has-animation    \"  data-type=masonry data-number-of-columns=three data-space-between-items=normal data-number-of-items=-1 data-enable-fixed-proportions=no data-enable-padding=yes data-disable-padding-on-mobile=yes data-enable-image-shadow=yes data-orderby=date data-order=ASC data-item-style=standard data-enable-title=yes data-title-tag=h3 data-enable-category=yes data-enable-excerpt=no data-pagination-type=no-pagination data-filter=no data-enable-article-animation=yes data-portfolio-slider-on=no data-enable-loop=yes data-enable-autoplay=yes data-slider-speed=5000 data-slider-speed-animation=600 data-enable-navigation=yes data-enable-pagination=yes data-main-title-tag=h3 data-max-num-pages=0 data-next-page=2>\n\t\t<div class=\"eltdf-pl-inner eltdf-outer-space eltdf-masonry-list-wrapper clearfix\">\n\t\t<div class=\"eltdf-masonry-grid-sizer\"><\/div>\n\t\t<div class=\"eltdf-masonry-grid-gutter\"><\/div>\n\t\t<article class=\"eltdf-pl-item eltdf-item-space  post-353 portfolio-item type-portfolio-item status-publish has-post-thumbnail hentry portfolio-category-interior portfolio-tag-photo\" style=\"padding:190px 7% 0 0\">\n\t<div class=\"eltdf-pl-item-inner\">\n\t\t<div class=\"eltdf-pli-image\">\n\t<img fetchpriority=\"high\" width=\"800\" height=\"979\" src=\"https:\/\/entrepixeles.com.mx\/wp-content\/uploads\/2019\/11\/h1-port-feauture-img-1.jpg\" class=\"attachment-full size-full wp-post-image\" alt=\"m\" decoding=\"async\" srcset=\"https:\/\/entrepixeles.com.mx\/wp-content\/uploads\/2019\/11\/h1-port-feauture-img-1.jpg 800w, https:\/\/entrepixeles.com.mx\/wp-content\/uploads\/2019\/11\/h1-port-feauture-img-1-245x300.jpg 245w, https:\/\/entrepixeles.com.mx\/wp-content\/uploads\/2019\/11\/h1-port-feauture-img-1-768x940.jpg 768w\" sizes=\"(max-width: 800px) 100vw, 800px\" \/><\/div>\n<div class=\"eltdf-pli-text-holder\" >\n\t<div class=\"eltdf-pli-text-wrapper\">\n\t\t<div class=\"eltdf-pli-text\">\n\t\t\t\t\t<div class=\"eltdf-pli-category-holder\">\n\t\t\t\t\t\t\t<a itemprop=\"url\" class=\"eltdf-pli-category\" href=\"https:\/\/entrepixeles.com.mx\/?portfolio-category=interior\">Interior<\/a>\n\t\t\t\t\t<\/div>\n\t\t\t\t\n\t\t\t\t<h3 itemprop=\"name\" class=\"eltdf-pli-title entry-title\" >\n\t\tBridal Bouquet\t<\/h3>\n\n\t\t\t\n\t\t\t\t\t<\/div>\n\t<\/div>\n<\/div>\n\t\t<a itemprop=\"url\" class=\"eltdf-pli-link eltdf-block-drag-link\" href=\"https:\/\/entrepixeles.com.mx\/?portfolio-item=bridal-bouquet\" target=\"_self\"><\/a>\n\t<\/div>\n<\/article><article class=\"eltdf-pl-item eltdf-item-space  post-360 portfolio-item type-portfolio-item status-publish has-post-thumbnail hentry portfolio-category-bodas portfolio-tag-bodas portfolio-tag-photo\" style=\"padding:0px 0 0px 15%\">\n\t<div class=\"eltdf-pl-item-inner\">\n\t\t<div class=\"eltdf-pli-image\">\n\t<img width=\"800\" height=\"1010\" src=\"https:\/\/entrepixeles.com.mx\/wp-content\/uploads\/2019\/11\/h1-port-feauture-img-2.jpg\" class=\"attachment-full size-full wp-post-image\" alt=\"m\" decoding=\"async\" srcset=\"https:\/\/entrepixeles.com.mx\/wp-content\/uploads\/2019\/11\/h1-port-feauture-img-2.jpg 800w, https:\/\/entrepixeles.com.mx\/wp-content\/uploads\/2019\/11\/h1-port-feauture-img-2-238x300.jpg 238w, https:\/\/entrepixeles.com.mx\/wp-content\/uploads\/2019\/11\/h1-port-feauture-img-2-768x970.jpg 768w\" sizes=\"(max-width: 800px) 100vw, 800px\" \/><\/div>\n<div class=\"eltdf-pli-text-holder\" >\n\t<div class=\"eltdf-pli-text-wrapper\">\n\t\t<div class=\"eltdf-pli-text\">\n\t\t\t\t\t<div class=\"eltdf-pli-category-holder\">\n\t\t\t\t\t\t\t<a itemprop=\"url\" class=\"eltdf-pli-category\" href=\"https:\/\/entrepixeles.com.mx\/?portfolio-category=bodas\">Bodas<\/a>\n\t\t\t\t\t<\/div>\n\t\t\t\t\n\t\t\t\t<h3 itemprop=\"name\" class=\"eltdf-pli-title entry-title\" >\n\t\tBodas\t<\/h3>\n\n\t\t\t\n\t\t\t\t\t<\/div>\n\t<\/div>\n<\/div>\n\t\t<a itemprop=\"url\" class=\"eltdf-pli-link eltdf-block-drag-link\" href=\"https:\/\/entrepixeles.com.mx\/?portfolio-item=blushing-bride\" target=\"_self\"><\/a>\n\t<\/div>\n<\/article>\t<\/div>\n\t\n\t<\/div>\t\t<\/div>\n\t\t\t\t<\/div>\n\t\t\t\t\t<\/div>\n\t\t<\/div>\n\t\t\t\t\t<\/div>\n\t\t<\/section>\n\t\t\t\t<section class=\"elementor-section elementor-top-section elementor-element elementor-element-14b563e elementor-section-full_width eltdf-content-aligment-center eltdf-elementor-row-grid-section elementor-section-height-default elementor-section-height-default eltdf-parallax-row-no eltdf-disabled-bg-image-bellow-no\" data-id=\"14b563e\" data-element_type=\"section\">\n\t\t\t\t\t\t<div class=\"elementor-container elementor-column-gap-no\">\n\t\t\t\t\t<div class=\"elementor-column elementor-col-100 elementor-top-column elementor-element elementor-element-8d96d35\" data-id=\"8d96d35\" data-element_type=\"column\">\n\t\t\t<div class=\"elementor-widget-wrap elementor-element-populated\">\n\t\t\t\t\t\t<div class=\"elementor-element elementor-element-d5f37d3 elementor-widget elementor-widget-spacer\" data-id=\"d5f37d3\" data-element_type=\"widget\" data-widget_type=\"spacer.default\">\n\t\t\t\t<div class=\"elementor-widget-container\">\n\t\t\t<style>\/*! elementor - v3.23.0 - 05-08-2024 *\/\n.elementor-column .elementor-spacer-inner{height:var(--spacer-size)}.e-con{--container-widget-width:100%}.e-con-inner>.elementor-widget-spacer,.e-con>.elementor-widget-spacer{width:var(--container-widget-width,var(--spacer-size));--align-self:var(--container-widget-align-self,initial);--flex-shrink:0}.e-con-inner>.elementor-widget-spacer>.elementor-widget-container,.e-con>.elementor-widget-spacer>.elementor-widget-container{height:100%;width:100%}.e-con-inner>.elementor-widget-spacer>.elementor-widget-container>.elementor-spacer,.e-con>.elementor-widget-spacer>.elementor-widget-container>.elementor-spacer{height:100%}.e-con-inner>.elementor-widget-spacer>.elementor-widget-container>.elementor-spacer>.elementor-spacer-inner,.e-con>.elementor-widget-spacer>.elementor-widget-container>.elementor-spacer>.elementor-spacer-inner{height:var(--container-widget-height,var(--spacer-size))}.e-con-inner>.elementor-widget-spacer.elementor-widget-empty,.e-con>.elementor-widget-spacer.elementor-widget-empty{position:relative;min-height:22px;min-width:22px}.e-con-inner>.elementor-widget-spacer.elementor-widget-empty .elementor-widget-empty-icon,.e-con>.elementor-widget-spacer.elementor-widget-empty .elementor-widget-empty-icon{position:absolute;top:0;bottom:0;left:0;right:0;margin:auto;padding:0;width:22px;height:22px}<\/style>\t\t<div class=\"elementor-spacer\">\n\t\t\t<div class=\"elementor-spacer-inner\"><\/div>\n\t\t<\/div>\n\t\t\t\t<\/div>\n\t\t\t\t<\/div>\n\t\t\t\t<div class=\"elementor-element elementor-element-b36ffb0 elementor-widget elementor-widget-eltdf_section_title\" data-id=\"b36ffb0\" data-element_type=\"widget\" data-widget_type=\"eltdf_section_title.default\">\n\t\t\t\t<div class=\"elementor-widget-container\">\n\t\t\t<div class=\"eltdf-section-title-holder  \" style=\"padding: 0 15%;text-align: left\">\n\t<div class=\"eltdf-st-inner\">\n\t\t\t\t\t\t\t<h1 class=\"eltdf-st-title\" >\n\t\t\t\tEntre Pixeles\t\t\t\t\t\t\t<\/h1>\n\t\t\t\t\t\t\t<h3  class=\"eltdf-st-subtitle\" style=\"line-height: 35px;margin-top: 18px;text-transform: none;font-style: italic;color: #72726C\">\n\t\t\t\t<span>\n\t\t\t\t\tNuestra empresa naci\u00f3 en el 2004, en M\u00e9xico D.F.\t\t\t\t\t\t\t\t\t<\/span>\n\t\t\t<\/h3 >\n\t\t\t\t\t\t\t<p class=\"eltdf-st-text\" >\n\t\t\t\tSomos fot\u00f3grafos profesionales dedicados al fotoperiodismo. Hemos cubierto eventos de importancia muy relevante en nuestro pa\u00eds y fuera de \u00e9l. Trabajamos en diferentes medios de comunicaci\u00f3n impresos y en linea. Cubrimos desde guerrillas, hasta bodas, deportes, pol\u00edtica, entrevistas, reportajes especiales, etc.\n<br>\n \n<br>\nAhora ponemos a tu disposici\u00f3n todo lo que sabemos.\n<br><br>\nDedicamos nuestra experiencia a ver la imagen con otro punto de vista. Tenemos la oportunidad de disfrutar la luz con m\u00e1s delicadeza y tiempo.\n<br>\n <br>\n\n\u200bEste es el momento de gozar la luz, sentir tu momento como el nuestro, captando todo lo que sucede alrededor. Sentimos, vemos y disfrutamos el tomar fotos, nuestra principal motivaci\u00f3n eres t\u00fa.<br><br>\nNos ponemos a tus \u00f3rdenes para acompa\u00f1arte en tus eventos. Tenemos seriedad en nuestro compromiso y queremos seguir la luz que refleja tu imagen.\t\t\t<\/p>\n\t\t\t\t\t<\/div>\n<\/div>\t\t<\/div>\n\t\t\t\t<\/div>\n\t\t\t\t<div class=\"elementor-element elementor-element-fcc66c6 elementor-widget elementor-widget-spacer\" data-id=\"fcc66c6\" data-element_type=\"widget\" data-widget_type=\"spacer.default\">\n\t\t\t\t<div class=\"elementor-widget-container\">\n\t\t\t\t\t<div class=\"elementor-spacer\">\n\t\t\t<div class=\"elementor-spacer-inner\"><\/div>\n\t\t<\/div>\n\t\t\t\t<\/div>\n\t\t\t\t<\/div>\n\t\t\t\t<div class=\"elementor-element elementor-element-30140fc elementor-widget elementor-widget-button\" data-id=\"30140fc\" data-element_type=\"widget\" data-widget_type=\"button.default\">\n\t\t\t\t<div class=\"elementor-widget-container\">\n\t\t\t\t\t<div class=\"elementor-button-wrapper\">\n\t\t\t<a class=\"elementor-button elementor-button-link elementor-size-md\" href=\"#elementor-action%3Aaction%3Dpopup%3Aopen%26settings%3DeyJpZCI6IjY0MTIiLCJ0b2dnbGUiOmZhbHNlfQ%3D%3D\">\n\t\t\t\t\t\t<span class=\"elementor-button-content-wrapper\">\n\t\t\t\t\t\t\t\t\t<span class=\"elementor-button-text\">Cont\u00e1ctanos<\/span>\n\t\t\t\t\t<\/span>\n\t\t\t\t\t<\/a>\n\t\t<\/div>\n\t\t\t\t<\/div>\n\t\t\t\t<\/div>\n\t\t\t\t\t<\/div>\n\t\t<\/div>\n\t\t\t\t\t<\/div>\n\t\t<\/section>\n\t\t\t\t<section class=\"elementor-section elementor-top-section elementor-element elementor-element-b04408a elementor-section-full_width elementor-section-height-default elementor-section-height-default eltdf-parallax-row-no eltdf-content-aligment-left eltdf-elementor-row-grid-no eltdf-disabled-bg-image-bellow-no\" data-id=\"b04408a\" data-element_type=\"section\" data-settings=\"{&quot;background_background&quot;:&quot;classic&quot;}\">\n\t\t\t\t\t\t<div class=\"elementor-container elementor-column-gap-no\">\n\t\t\t\t\t<div class=\"elementor-column elementor-col-100 elementor-top-column elementor-element elementor-element-a0a2b4a\" data-id=\"a0a2b4a\" data-element_type=\"column\">\n\t\t\t<div class=\"elementor-widget-wrap elementor-element-populated\">\n\t\t\t\t\t\t<div class=\"elementor-element elementor-element-ab01f98 elementor-widget elementor-widget-eltdf_section_title\" data-id=\"ab01f98\" data-element_type=\"widget\" data-widget_type=\"eltdf_section_title.default\">\n\t\t\t\t<div class=\"elementor-widget-container\">\n\t\t\t<div class=\"eltdf-section-title-holder  \" style=\"text-align: center\">\n\t<div class=\"eltdf-st-inner\">\n\t\t\t\t\t\t\t<h2 class=\"eltdf-st-title\" >\n\t\t\t\tS\u00edguenos en Instagram\t\t\t\t\t\t\t<\/h2>\n\t\t\t\t\t\t\t<h3  class=\"eltdf-st-subtitle\" style=\"text-transform: none;font-style: italic;color: #84847C\">\n\t\t\t\t<span>\n\t\t\t\t\t@ entrepixelesfotografia\t\t\t\t\t\t\t\t\t<\/span>\n\t\t\t<\/h3 >\n\t\t\t\t\t\t\t<\/div>\n<\/div>\t\t<\/div>\n\t\t\t\t<\/div>\n\t\t\t\t<div class=\"elementor-element elementor-element-cd6f374 elementor-widget elementor-widget-spacer\" data-id=\"cd6f374\" data-element_type=\"widget\" data-widget_type=\"spacer.default\">\n\t\t\t\t<div class=\"elementor-widget-container\">\n\t\t\t\t\t<div class=\"elementor-spacer\">\n\t\t\t<div class=\"elementor-spacer-inner\"><\/div>\n\t\t<\/div>\n\t\t\t\t<\/div>\n\t\t\t\t<\/div>\n\t\t\t\t<div class=\"elementor-element elementor-element-6714efe elementor-widget elementor-widget-mkdf_instagram_list\" data-id=\"6714efe\" data-element_type=\"widget\" data-widget_type=\"mkdf_instagram_list.default\">\n\t\t\t\t<div class=\"elementor-widget-container\">\n\t\t\t<div class=\"eltdf-instagram-list-holder eltdf-grid-list eltdf-six-columns eltdf-large-space\" >\n            <div class=\"eltdf-instagram-not-connected\">\n            It seems that you haven&#039;t connected with your Instagram account        <\/div>\n    <\/div>\n\t\t<\/div>\n\t\t\t\t<\/div>\n\t\t\t\t\t<\/div>\n\t\t<\/div>\n\t\t\t\t\t<\/div>\n\t\t<\/section>\n\t\t\t\t<\/div>\n\t\t","protected":false},"excerpt":{"rendered":"<p>Interior Bridal Bouquet Interior Blushing Bride Entre Pixeles Nuestra empresa naci\u00f3 en el 2004, en M\u00e9xico D.F. Somos fot\u00f3grafos profesionales dedicados al fotoperiodismo. Hemos cubierto eventos de importancia muy relevante en nuestro pa\u00eds y fuera de \u00e9l. Trabajamos en diferentes [&hellip;]<\/p>\n","protected":false},"author":1,"featured_media":0,"parent":0,"menu_order":0,"comment_status":"closed","ping_status":"closed","template":"full-width.php","meta":[],"_links":{"self":[{"href":"https:\/\/entrepixeles.com.mx\/index.php?rest_route=\/wp\/v2\/pages\/1331"}],"collection":[{"href":"https:\/\/entrepixeles.com.mx\/index.php?rest_route=\/wp\/v2\/pages"}],"about":[{"href":"https:\/\/entrepixeles.com.mx\/index.php?rest_route=\/wp\/v2\/types\/page"}],"author":[{"embeddable":true,"href":"https:\/\/entrepixeles.com.mx\/index.php?rest_route=\/wp\/v2\/users\/1"}],"replies":[{"embeddable":true,"href":"https:\/\/entrepixeles.com.mx\/index.php?rest_route=%2Fwp%2Fv2%2Fcomments&post=1331"}],"version-history":[{"count":25,"href":"https:\/\/entrepixeles.com.mx\/index.php?rest_route=\/wp\/v2\/pages\/1331\/revisions"}],"predecessor-version":[{"id":6417,"href":"https:\/\/entrepixeles.com.mx\/index.php?rest_route=\/wp\/v2\/pages\/1331\/revisions\/6417"}],"wp:attachment":[{"href":"https:\/\/entrepixeles.com.mx\/index.php?rest_route=%2Fwp%2Fv2%2Fmedia&parent=1331"}],"curies":[{"name":"wp","href":"https:\/\/api.w.org\/{rel}","templated":true}]}}